{"id":1644,"date":"2026-03-19T14:19:05","date_gmt":"2026-03-19T14:19:05","guid":{"rendered":"https:\/\/svitipadre.pro\/?page_id=1644"},"modified":"2026-03-19T14:19:39","modified_gmt":"2026-03-19T14:19:39","slug":"contatti","status":"publish","type":"page","link":"https:\/\/svitipadre.pro\/?page_id=1644","title":{"rendered":"Contatti"},"content":{"rendered":"<p>Questo sito web \u00e8 di propriet\u00e0 di Svitipadre SRLs. Ci impegniamo a fornire informazioni pertinenti e utili ai nostri utenti.<\/p>\n<p><b>Nome della societ\u00e0:<\/b> Svitipadre SRLs<br \/>\n<b>Indirizzo legale:<\/b> Via Assoro, 25, 90135 Palermo PA, Italia<br \/>\n<b>Email:<\/b> <a href=\"mailto:info@svitipadre.pro\">info@svitipadre.pro<\/a><br \/>\n<b>Telefono:<\/b> <a href=\"tel:+390664611392\">+390664611392<\/a><br \/>\n<b>Amministratore delegato:<\/b> Sofia Romano<br \/>\n<b>Numero di iscrizione al registro delle imprese:<\/b> 1678092641<br \/>\n<b>Autorit\u00e0 di registrazione:<\/b> Studio legale Marco Esposito<br \/>\n<b>Indirizzo dell&#8217;Autorit\u00e0 di registrazione:<\/b> Via Giacinto Calandrucci, 10, 90145 Palermo PA, Italia<\/p>\n<p><b>Responsabilit\u00e0 dei contenuti:<\/b><br \/>\nNon siamo responsabili del contenuto dei link a siti web di terzi che possono essere disponibili sul nostro sito. Ogni responsabilit\u00e0 per il contenuto di tali link ricade sui rispettivi proprietari. Non siamo responsabili di eventuali danni, diretti o indiretti, derivanti dall&#8217;uso delle informazioni fornite sul nostro sito.<\/p>\n<p><b>Copyright:<\/b><br \/>\nTutto il materiale presente sul nostro sito web, compresi testi, immagini, grafica, design e software, \u00e8 protetto da copyright. Ne \u00e8 vietato l&#8217;uso o la distribuzione senza l&#8217;autorizzazione del titolare del copyright.<\/p>\n<p><b>Informazioni di contatto:<\/b><br \/>\nIn caso di domande o commenti relativi al nostro sito web o alla nostra azienda, si prega di contattarci utilizzando le informazioni di contatto elencate sopra.<\/p>\n<p><b>Informativa sulla privacy:<\/b><br \/>\nRispettiamo la vostra privacy e proteggiamo le vostre informazioni personali. Per ulteriori informazioni, consultare la nostra politica sulla privacy.<\/p>\n","protected":false},"excerpt":{"rendered":"<p>Questo sito web \u00e8 di propriet\u00e0 di Svitipadre SRLs. Ci impegniamo a fornire informazioni pertinenti e utili ai nostri utenti. Nome della societ\u00e0: Svitipadre SRLs Indirizzo legale: Via Assoro, 25,&hellip;<\/p>\n","protected":false},"author":1,"featured_media":0,"parent":0,"menu_order":0,"comment_status":"closed","ping_status":"closed","template":"","meta":{"footnotes":""},"class_list":["post-1644","page","type-page","status-publish","hentry"],"_links":{"self":[{"href":"https:\/\/svitipadre.pro\/index.php?rest_route=\/wp\/v2\/pages\/1644","targetHints":{"allow":["GET"]}}],"collection":[{"href":"https:\/\/svitipadre.pro\/index.php?rest_route=\/wp\/v2\/pages"}],"about":[{"href":"https:\/\/svitipadre.pro\/index.php?rest_route=\/wp\/v2\/types\/page"}],"author":[{"embeddable":true,"href":"https:\/\/svitipadre.pro\/index.php?rest_route=\/wp\/v2\/users\/1"}],"replies":[{"embeddable":true,"href":"https:\/\/svitipadre.pro\/index.php?rest_route=%2Fwp%2Fv2%2Fcomments&post=1644"}],"version-history":[{"count":2,"href":"https:\/\/svitipadre.pro\/index.php?rest_route=\/wp\/v2\/pages\/1644\/revisions"}],"predecessor-version":[{"id":1646,"href":"https:\/\/svitipadre.pro\/index.php?rest_route=\/wp\/v2\/pages\/1644\/revisions\/1646"}],"wp:attachment":[{"href":"https:\/\/svitipadre.pro\/index.php?rest_route=%2Fwp%2Fv2%2Fmedia&parent=1644"}],"curies":[{"name":"wp","href":"https:\/\/api.w.org\/{rel}","templated":true}]}}